{"id":172,"date":"2013-06-27T10:37:53","date_gmt":"2013-06-27T08:37:53","guid":{"rendered":"http:\/\/blog-gigya.lavozdigital.es\/aventia\/?page_id=2"},"modified":"2013-06-27T10:37:53","modified_gmt":"2013-06-27T08:37:53","slug":"carrera-hacia-san-esteban","status":"publish","type":"page","link":"https:\/\/blogs.laverdad.es\/menudapolitica\/carrera-hacia-san-esteban\/","title":{"rendered":"Carrera hacia San Esteban"},"content":{"rendered":"<table width=\"502\" border=\"0\" cellspacing=\"0\" cellpadding=\"0\">\n<tbody>\n<tr>\n<td colspan=\"4\">\n<div align=\"center\">\n<p><img src=\"\/\/proyectos.laverdad.es\/comun\/blogs\/carrera-san-esteban.png\" alt=\"\" \/><\/p>\n<\/div>\n<div align=\"center\"><\/div>\n<\/td>\n<\/tr>\n<tr>\n<td valign=\"top\" width=\"256\">\n<div style=\"padding-top: -15px; vertical-align: top;\" align=\"left\">\n<p class=\"enlaces\"><strong><a href=\"http:\/\/www.laverdad.es\/murcia\/v\/20140228\/region\/marca-futuro-judicial-politico-20140228.html\" target=\"_blank\">Hoy puede ser el d\u00eda<\/a>\u00a0<\/strong>(28\/02\/2014)<\/p>\n<p class=\"enlaces\"><strong><a href=\"http:\/\/www.laverdad.es\/murcia\/20140224\/local\/region\/universalizacion-programa-bilingue-201402241212.html\" target=\"_blank\">Apunten este d\u00eda: viernes, 28 de febrero. Puede ser una fecha clave<\/a><\/strong> (25\/02\/2014)<\/p>\n<p><strong>Campa\u00f1a contra S\u00e1nchez en internet.<\/strong> Varios medios digitales, y el semanario Intervi\u00fa, se hacen eco de una denuncia del PSOE, planteada hace meses por el Grupo Municipal Socialista de Puerto Lumbreras, relativa a la recepci\u00f3n y el pago, cuando S\u00e1nchez era el alcalde, de una obra municipal que a\u00fan no est\u00e1 terminada. Estamos sin duda ante una campa\u00f1a&#8211; an\u00f3nima&#8211;para minar sus opciones como presidenciable a los ojos de la direcci\u00f3n nacional del PP.\u00a0(25\/02\/2014)<\/p>\n<p><strong><a href=\"http:\/\/www.laverdad.es\/murcia\/v\/20140218\/region\/valcarcel-sanchez-callan-sobre-20140218.html\">Lo que Valc\u00e1rcel y S\u00e1nchez opinan sobre los apoyos de Juan Carlos Ruiz<\/a><\/strong>\u00a0(18\/02\/2014)<\/p>\n<p class=\"enlaces\">\n<\/div>\n<\/td>\n<td width=\"1\"><\/td>\n<td valign=\"top\" width=\"245\">\n<div style=\"padding-top: -15px; vertical-align: top;\" align=\"left\">\n<p><strong>Ruiz hace posible la comparecencia de Valc\u00e1rcel en la Asamblea.<\/strong> Su condici\u00f3n de jefe de filas del Grupo Parlamentario Popular ha sido decisiva para que Valc\u00e1rcel comparezca el d\u00eda 5 ante la Asamblea Regional y responda a las preguntas de los tres grupos pol\u00edticos. La oposici\u00f3n ven\u00eda denunciando que el presidente reh\u00faye a la C\u00e1mara, ante la que no da explicaciones desde el 2 de octubre de 2013. La confirmaci\u00f3n de la presencia de Valc\u00e1rcel en el Pleno se produjo el mismo d\u00eda que &#8216;La Verdad&#8217; public\u00f3 el dato de sus escasas asistencias a la Asamblea. \u00bfPresion\u00f3 Juan Carlos Ruiz para que el jefe del Gobierno d\u00e9 la cara en este momento, a punto como est\u00e1 de dejar San Esteban para ser candidato a las europeas? Es muy probable.\u00a0(25\/02\/2014)<\/p>\n<p><strong><a href=\"http:\/\/www.laverdad.es\/murcia\/v\/20140215\/region\/ruiz-mantiene-pulso-sucesion-20140215.html\" target=\"_blank\">Ruiz: &#8220;Los apoyos se ven en las urnas&#8221;<\/a><\/strong>\u00a0(15\/02\/2014)<\/p>\n<p>&nbsp;<\/p>\n<p class=\"enlaces\">\n<\/div>\n<\/td>\n<\/tr>\n<\/tbody>\n<\/table>\n","protected":false},"excerpt":{"rendered":"<p>Hoy puede ser el d\u00eda\u00a0(28\/02\/2014) Apunten este d\u00eda: viernes, 28 de febrero. Puede ser una fecha clave (25\/02\/2014) Campa\u00f1a contra S\u00e1nchez en internet. Varios medios digitales, y el semanario Intervi\u00fa, se hacen eco de una denuncia del PSOE, planteada hace meses por el Grupo Municipal Socialista de Puerto Lumbreras, relativa a la recepci\u00f3n y el [&hellip;]<\/p>\n","protected":false},"author":21,"featured_media":0,"parent":0,"menu_order":0,"comment_status":"closed","ping_status":"closed","template":"","meta":[],"_links":{"self":[{"href":"https:\/\/blogs.laverdad.es\/menudapolitica\/wp-json\/wp\/v2\/pages\/172"}],"collection":[{"href":"https:\/\/blogs.laverdad.es\/menudapolitica\/wp-json\/wp\/v2\/pages"}],"about":[{"href":"https:\/\/blogs.laverdad.es\/menudapolitica\/wp-json\/wp\/v2\/types\/page"}],"author":[{"embeddable":true,"href":"https:\/\/blogs.laverdad.es\/menudapolitica\/wp-json\/wp\/v2\/users\/21"}],"replies":[{"embeddable":true,"href":"https:\/\/blogs.laverdad.es\/menudapolitica\/wp-json\/wp\/v2\/comments?post=172"}],"version-history":[{"count":0,"href":"https:\/\/blogs.laverdad.es\/menudapolitica\/wp-json\/wp\/v2\/pages\/172\/revisions"}],"wp:attachment":[{"href":"https:\/\/blogs.laverdad.es\/menudapolitica\/wp-json\/wp\/v2\/media?parent=172"}],"curies":[{"name":"wp","href":"https:\/\/api.w.org\/{rel}","templated":true}]}}